{"id":2990,"date":"2015-02-03T10:15:32","date_gmt":"2015-02-03T08:15:32","guid":{"rendered":"http:\/\/sivut.superoffice.fi\/?page_id=2990"},"modified":"2021-11-18T13:33:35","modified_gmt":"2021-11-18T11:33:35","slug":"winplan","status":"publish","type":"page","link":"https:\/\/www.dbmanager.fi\/sv\/losningar\/winplan\/","title":{"rendered":"WinPlan ADB-styrssystem f\u00f6r f\u00f6nster och d\u00f6rrfabriker"},"content":{"rendered":"\n<h2>\n\t\t<a href=\"\/sv\/losningar\/winplan\/\" title=\"WinPlan ERP\" target=\"_self\" rel=\"noopener\">\n\t\tWinPlan ERP\n\t\t<\/a>\n\t<\/h2>\n<h2>\n\t\tERP-system f\u00f6r f\u00f6nster-, d\u00f6rr- och balkongfabrik\n\t<\/h2>\n\t<p>Produktfamiljen WinPlan \u00e4r ett aff\u00e4rssystem (ERP) som utvecklats f\u00f6r f\u00f6nster-, d\u00f6rr- och balkongindustrins behov. Systemet anv\u00e4nds ocks\u00e5 av f\u00f6retag som tillverkar l\u00f6sningar f\u00f6r rymddelning.<\/p>\n<p>Vi erbjuder dig mer \u00e4n 35 \u00e5rs f\u00f6rdjupad branschkunskap. WinPlan ERP \u00e4r resultatet av ett l\u00e5ngsiktigt produktutvecklingsarbete och systemet utvecklas st\u00e4ndigt aktivt tillsammans med v\u00e5ra kunder.<\/p>\n<p>WinPlan ERP f\u00f6rb\u00e4ttrar v\u00e5ra kunders effektivitet, produktivitet och l\u00f6nsamhet. Med WinPlan kan du optimera driftsfunktioner och automatisera rutiner. Detta ger dig mer tid f\u00f6r din k\u00e4rnverksamhet och dess utveckling.<\/p>\n\t\t\t<a href=\"\/sv\/losningar\/winplan\/winplan-demonstration\/\" target=\"_self\" role=\"button\" rel=\"noopener\">\n\t\t\t\t\t\t\tL\u00e4s presentation\n\t\t\t\t\t<\/a>\n\t\t\t\t<img loading=\"lazy\" decoding=\"async\" src=\"https:\/\/www.dbmanager.fi\/wp-content\/uploads\/2021\/06\/winplan_guy.png\" alt=\"WinPlan ERP toiminnanohjausj\u00e4rjestelm\u00e4\" itemprop=\"image\" height=\"757\" width=\"376\" title=\"winplan_guy\" onerror=\"this.style.display='none'\"  \/>\n\t\t\t\t<img loading=\"lazy\" decoding=\"async\" src=\"https:\/\/www.dbmanager.fi\/wp-content\/uploads\/2021\/06\/1-20.png\" alt=\"1\" itemprop=\"image\" height=\"316\" width=\"316\" title=\"1\" onerror=\"this.style.display='none'\"  \/>\n<h2>\n\t\tOmfattande funktionalitet\n\t<\/h2>\n\t<p>WinPlan -programvaran \u00e4r modul\u00e4r och det n\u00f6dv\u00e4ndiga paketet kan konfigureras enligt kundens behov. WinPlan hanterar t.ex. offert- och orderbehandling, produktkonfiguration, f\u00f6rs\u00e4ljningsstyrning, produktionsstyrning, materialf\u00f6rvaltning, logistik, frakt, fakturering, installation, rapportering och order till leverant\u00f6rer. Du kan hitta en mer detaljerad beskrivning av systemet p\u00e5 presentationssidan. Du kan ocks\u00e5 skicka en kontaktf\u00f6rfr\u00e5gan s\u00e5 kontaktar vi dig s\u00e5 snart som m\u00f6jligt och ber\u00e4ttar mer.<\/p>\n\t\t\t<a href=\"\/sv\/losningar\/winplan\/winplan-demonstration\/\" target=\"_self\" role=\"button\" rel=\"noopener\">\n\t\t\t\t\t\t\tL\u00e4s presentation\n\t\t\t\t\t<\/a>\n<h2>\n\t\tEtt professionellt verktyg\n\t<\/h2>\n\t<p>WinPlan ERP \u00e4r utvecklat f\u00f6r proffs inom f\u00f6nster- och d\u00f6rrindustrin. Som ett resultat av ett l\u00e5ngt utvecklingsarbete inneh\u00e5ller WinPlan ett exceptionellt brett utbud av funktioner som f\u00f6rb\u00e4ttrar din konkurrenskraft, vare sig din kund \u00e4r sm\u00e5husbyggare, renoverare, hustillverkare, bostadsr\u00e4ttsf\u00f6rening eller byggbransch.<\/p>\n<p>M\u00e5nga revideringar och tydlighet minskar m\u00e4nskliga misstag. Till exempel, n\u00e4r du anger ett erbjudande, kommer du att se en bild av produkten som ska erbjudas, med typer, dimensioner, profiler, spr\u00f6js, beslag, h\u00e4ngningar och tillbeh\u00f6r p\u00e5 sina angivna platser. Informationen som l\u00e4ggs till i budgivningsfasen \u00f6verf\u00f6rs smidigt genom systemet till produktion, fakturering och leverans.<\/p>\n\t\t\t\t<img loading=\"lazy\" decoding=\"async\" src=\"https:\/\/www.dbmanager.fi\/wp-content\/uploads\/2021\/06\/3-18.png\" alt=\"3\" itemprop=\"image\" height=\"328\" width=\"234\" title=\"3\" onerror=\"this.style.display='none'\"  \/>\n<h2>\n\t\tEn helt\u00e4ckande branschl\u00f6sning\n\t<\/h2>\n\t<p>WinPlan ERP \u00e4r ett omfattande komplett system av f\u00f6nster- och d\u00f6rrfabriken fr\u00e5n offert \u00e4nda till produktion, leverans och eftermarknad. WinPlan inneh\u00e5ller alla specialfunktioner som kr\u00e4vs i branschen.<\/p>\n<p>WinPlan inneh\u00e5ller t.ex. kostnads- och prislistabaserad offertber\u00e4kning, offert och orderbekr\u00e4ftelse med produktbilder till kunden, rapportering av offert- och orderstock, arbetspapper, styrning av verktygsmaskin, lagerhantering, ink\u00f6psorder, produktionsserier, fabrikens belastningsber\u00e4kning, f\u00f6rs\u00e4ndelse,\u00a0 fraktsedel, fakturering och installationshantering.<\/p>\n<h2>\n\t\tFlexibelt skalbar\n\t<\/h2>\n\t<p>WinPlan ERP passar bra f\u00f6r b\u00e5de sm\u00e5 och stora f\u00f6retag. Programvaran \u00e4r modul\u00e4r och du kan k\u00f6pa eller hyra moduler enligt dina behov. WinPlans rollbaserade sk\u00e4rmar g\u00f6r programmet enklare att anv\u00e4nda.<\/p>\n<p>Med WinPlan kan du hantera t.ex. produkters offertber\u00e4kning, offerter och orderbekr\u00e4ftelser, f\u00f6rs\u00e4ljningsstyrning, produktionsstyrning, belastningsber\u00e4kning, lagerhantering, ink\u00f6psorder, frakt, installation, fakturering, rapportering och order till leverant\u00f6rer. WinPlan ERP kan ut\u00f6kas efter dina behov.<\/p>\n\t\t\t\t<img loading=\"lazy\" decoding=\"async\" src=\"https:\/\/www.dbmanager.fi\/wp-content\/uploads\/2021\/06\/4-12.png\" alt=\"4\" itemprop=\"image\" height=\"319\" width=\"270\" title=\"4\" onerror=\"this.style.display='none'\"  \/>\n\t\t\t\t<img loading=\"lazy\" decoding=\"async\" src=\"https:\/\/www.dbmanager.fi\/wp-content\/uploads\/2021\/06\/5-6.png\" alt=\"5\" itemprop=\"image\" height=\"317\" width=\"302\" title=\"5\" onerror=\"this.style.display='none'\"  \/>\n<h2>\n\t\tBeslutsfattande som baserar p\u00e5 information i realtid\n\t<\/h2>\n\t<p>Med WinPlan hanterar du ditt f\u00f6retags order-leverans kedja effektivt och flexibelt. Med hj\u00e4lp av produktionsplanering kan du f\u00f6rkorta ledtiderna och samtidigt f\u00f6rb\u00e4ttra leveranshastigheten och leveranss\u00e4kerheten. Din information finns p\u00e5 ett st\u00e4lle och du kan enkelt fatta beslut baserat p\u00e5 aktuell och korrekt information. Den \u00f6vergripande l\u00f6sningen m\u00f6jligg\u00f6r kommunikation i realtid mellan hela v\u00e4rdekedjan. Du kan ocks\u00e5 reagera snabbt p\u00e5 f\u00f6r\u00e4ndrade situationer n\u00e4r det beh\u00f6vs.<\/p>\n<p>Med belast\u00f6vervakning \u00e4r du st\u00e4ndigt medveten om belastningen p\u00e5 produktionslinjerna och kan vid behov \u00e4ndra arbetsordningen. Uppdaterad och proaktiv information om materialbehov hj\u00e4lper till att minska f\u00f6retabets r\u00f6relsekapital.<\/p>\n<h2>\n\t\tMarknadsledare i Finland\n\t<\/h2>\n\t<p>WinPlan ERP -system anv\u00e4nds i stor utstr\u00e4ckning i Finland och Sverige. Dessutom finns WinPlan-anv\u00e4ndare i Estland, England och Ryssland. Vi har sm\u00e5 och medelstora kunder men \u00e4ven stora f\u00f6nster- och d\u00f6rrtillverkare som verkar i flera l\u00e4nder. V\u00e5ra kunder \u00e4r t.ex. Skaala, Inwido, Mockfj\u00e4rds F\u00f6nster, Tiivi, Eskopuu, Leiab F\u00f6nster, Morgana, H-F\u00f6nstret, Morupsf\u00f6nster, Odenf\u00f6nster, Vin\u00e4s F\u00f6nsterindustri, RA F\u00f6nsterdesign, W\u00e5hlstedt Trading, Elme F\u00f6nster, Wimmerby F\u00f6nstersnickerier, Klas1, Lasivuorimaa, Iin Puunjalostus, Finak, Maximalf\u00f6nster, HR ikkunant Ruhkala, Lepolan Puusep\u00e4t, Virkkalan Puunjalostus, Joutsenon Puuty\u00f6, Puusep\u00e4nliike Puukas, Twinwood och Artopine.<\/p>\n<p>V\u00e5rt f\u00f6retags l\u00e5nga historia och djupg\u00e5ende branschkunskap g\u00f6r oss till en partner som tar hand om v\u00e5ra kunder nu och i framtiden.<\/p>\n\t\t\t\t<img loading=\"lazy\" decoding=\"async\" src=\"https:\/\/www.dbmanager.fi\/wp-content\/uploads\/2021\/06\/2-19.png\" alt=\"2\" itemprop=\"image\" height=\"274\" width=\"298\" title=\"2\" onerror=\"this.style.display='none'\"  \/>\n\t\t\t\t<img loading=\"lazy\" decoding=\"async\" src=\"https:\/\/www.dbmanager.fi\/wp-content\/uploads\/2021\/06\/7-5.png\" alt=\"7\" itemprop=\"image\" height=\"297\" width=\"297\" title=\"7\" onerror=\"this.style.display='none'\"  \/>\n<h2>\n\t\tInternationell\n\t<\/h2>\n\t<p>F\u00f6rutom Finland anv\u00e4nds WinPlan i flera olika l\u00e4nder. Spr\u00e5kalternativen \u00e4r finska, svenska, engelska, estniska och ryska. Anv\u00e4ndargr\u00e4nssnittet anv\u00e4nds p\u00e5 anv\u00e4ndarens spr\u00e5k och kundens dokument skrivs ut p\u00e5 kundens spr\u00e5k. WinPlan ERP kan ut\u00f6kas till ett utomlands dotterbolag eller enskild f\u00f6rs\u00e4ljare s\u00e5 att alla anv\u00e4nder samma system.<\/p>\n<p>Exporthandeln st\u00f6ds ocks\u00e5 av valutabehandlingsfunktionen och en m\u00e5ngsidig produkrecept, som m\u00f6jligg\u00f6r att definiera \u00e4ven separata exportprodukter.<\/p>\n<p>Kolla ocks\u00e5 v\u00e5r FuturaPlan ERP-system, som \u00e4r l\u00e4mpligt f\u00f6r m\u00e5nga andra branscher.<\/p>\n<h2>\n\t\tWinPlan Lite &#8211; f\u00f6r mobils\u00e4ljare\n\t<\/h2>\n\t<p>WinPlan Lite \u00e4r ett leverant\u00f6rsverktyg. Anv\u00e4ndning kr\u00e4ver ingen internetanslutning till fabrikssystemet. \u00d6verf\u00f6ringen av f\u00e4rdiga order till fabrikssystemet och \u00f6verf\u00f6ringen av uppgraderingar fr\u00e5n fabriken till s\u00e4ljaren har gjorts enkelt.<\/p>\n<ul>\n<li>Anv\u00e4ndning offline<\/li>\n<li>Uppdatering av prislistor och produktstrukturer fr\u00e5n fabrikssystemet<\/li>\n<li>\u00d6verf\u00f6ring av order till fabriken<\/li>\n<li>Plats oberoende<\/li>\n<\/ul>\n\t\t\t\t<img loading=\"lazy\" decoding=\"async\" src=\"https:\/\/www.dbmanager.fi\/wp-content\/uploads\/2021\/06\/20.png\" alt=\"20\" itemprop=\"image\" height=\"324\" width=\"351\" title=\"20\" onerror=\"this.style.display='none'\"  \/>\n\t\t\t\t<img loading=\"lazy\" decoding=\"async\" src=\"https:\/\/www.dbmanager.fi\/wp-content\/uploads\/2021\/06\/9-2.png\" alt=\"9\" itemprop=\"image\" height=\"324\" width=\"183\" title=\"9\" onerror=\"this.style.display='none'\"  \/>\n<h2>\n\t\tBranschkunskap ger kostnadseffektivitet\n\t<\/h2>\n\t<p>V\u00e5rt f\u00f6retags starka branschkunskap s\u00e4kerst\u00e4ller en l\u00f6sning som passar v\u00e5ra kunders behov och \u00e4r kostnadseffektiv. Vi \u00e4r v\u00e4l bekanta med f\u00f6nster- och d\u00f6rrfabrikens driftsmilj\u00f6 och implementeringen av ERP -systemet. Att arbeta med oss \u200b\u200b\u00e4r enkelt eftersom vi talar samma spr\u00e5k som v\u00e5ra kunder. Gobel\u00e4nger, fingrar, smyzes, nagelm\u00e5tt och l\u00e4ppar \u00e4r v\u00e4lk\u00e4nda termer f\u00f6r oss.<\/p>\n<p>Vi tar alltid hand om installationen av det system vi levererar och utbildningen av kundens ansvariga personer. Under och efter distributionen kommer v\u00e5r professionella kundsupport att hj\u00e4lpa dig med alla fr\u00e5gor som r\u00f6r din distribution<\/p>\n<p>V\u00e5ra konsult- och utbildningstj\u00e4nster kommer att finnas tillg\u00e4ngliga efter implementeringsfasen. Vi implementerar \u00e4ven kundspecifika anpassningar f\u00f6r systemet. Anpassningar \u00e4r vanligtvis baserade p\u00e5 de speciella behoven hos kundens verksamhet, f\u00f6r vilka l\u00f6sningar som g\u00f6r verksamheten mer effektiv kan s\u00f6kas tillsammans.<\/p>\n<h2>\n\t\tWinPlan.Web &#8211; f\u00f6r slutkunder\n\t<\/h2>\n\t<p>De viktigaste delarna av byggnadens fasad \u00e4r f\u00f6nster och d\u00f6rrar. Framf\u00f6r allt placeringen, designen och gittervalen hos huvudd\u00f6rren och f\u00f6nstren p\u00e5 fasaden skapar en stor del av husets utseende.<\/p>\n<p>WinPlan.Web \u00e4r ett webbaserat program f\u00f6r f\u00f6rs\u00e4ljning och urval av f\u00f6nster och d\u00f6rrar. Applikationen hj\u00e4lper slutkunder i f\u00f6nster- och d\u00f6rrval, liksom s\u00e4ljare att l\u00e4ra k\u00e4nna och n\u00e5 sina kunder b\u00e4ttre. Dessutom ger det ett centraliserat och effektivt s\u00e4tt att rikta och sp\u00e5ra kund\u00e4renden. Till exempel kan du se hur olika n\u00e4tval p\u00e5verkar det \u00f6vergripande utseendet p\u00e5 ett hus. Dessutom, med hj\u00e4lp av WinPlan.Web, kan f\u00f6nster och d\u00f6rrar ocks\u00e5 testas direkt p\u00e5 fasaden p\u00e5 ditt eget hus.<\/p>\n<p>WinPlan.Web \u00e4r ett verktyg f\u00f6r att generera nya kontakter f\u00f6r s\u00e4ljare kostnadseffektivt 24 timmar om dygnet.<\/p>\n\t\t\t\t<img loading=\"lazy\" decoding=\"async\" src=\"https:\/\/www.dbmanager.fi\/wp-content\/uploads\/2021\/06\/10-2.png\" alt=\"10\" itemprop=\"image\" height=\"261\" width=\"326\" title=\"10\" onerror=\"this.style.display='none'\"  \/>\n\n","protected":false},"excerpt":{"rendered":"<p>WinPlan ERP ERP-system f\u00f6r f\u00f6nster-, d\u00f6rr- och balkongfabrik Produktfamiljen WinPlan \u00e4r ett aff\u00e4rssystem (ERP) som utvecklats f\u00f6r f\u00f6nster-, d\u00f6rr- och balkongindustrins behov. Systemet anv\u00e4nds ocks\u00e5 av f\u00f6retag som tillverkar l\u00f6sningar f\u00f6r rymddelning. Vi erbjuder dig mer \u00e4n 35 \u00e5rs f\u00f6rdjupad branschkunskap. WinPlan ERP \u00e4r resultatet av ett l\u00e5ngsiktigt produktutvecklingsarbete och systemet utvecklas st\u00e4ndigt aktivt tillsammans&hellip;<\/p>\n","protected":false},"author":2,"featured_media":0,"parent":1774,"menu_order":0,"comment_status":"closed","ping_status":"open","template":"","meta":{"footnotes":""},"class_list":["post-2990","page","type-page","status-publish","hentry"],"aioseo_notices":[],"_links":{"self":[{"href":"https:\/\/www.dbmanager.fi\/sv\/wp-json\/wp\/v2\/pages\/2990","targetHints":{"allow":["GET"]}}],"collection":[{"href":"https:\/\/www.dbmanager.fi\/sv\/wp-json\/wp\/v2\/pages"}],"about":[{"href":"https:\/\/www.dbmanager.fi\/sv\/wp-json\/wp\/v2\/types\/page"}],"author":[{"embeddable":true,"href":"https:\/\/www.dbmanager.fi\/sv\/wp-json\/wp\/v2\/users\/2"}],"replies":[{"embeddable":true,"href":"https:\/\/www.dbmanager.fi\/sv\/wp-json\/wp\/v2\/comments?post=2990"}],"version-history":[{"count":21,"href":"https:\/\/www.dbmanager.fi\/sv\/wp-json\/wp\/v2\/pages\/2990\/revisions"}],"predecessor-version":[{"id":12725,"href":"https:\/\/www.dbmanager.fi\/sv\/wp-json\/wp\/v2\/pages\/2990\/revisions\/12725"}],"up":[{"embeddable":true,"href":"https:\/\/www.dbmanager.fi\/sv\/wp-json\/wp\/v2\/pages\/1774"}],"wp:attachment":[{"href":"https:\/\/www.dbmanager.fi\/sv\/wp-json\/wp\/v2\/media?parent=2990"}],"curies":[{"name":"wp","href":"https:\/\/api.w.org\/{rel}","templated":true}]}}