{"id":1756,"date":"2014-12-02T15:59:22","date_gmt":"2014-12-02T13:59:22","guid":{"rendered":"http:\/\/dev.dbm.local\/dbmonepager\/?page_id=1756"},"modified":"2025-11-18T15:11:42","modified_gmt":"2025-11-18T13:11:42","slug":"framsida","status":"publish","type":"page","link":"https:\/\/www.dbmanager.fi\/sv\/","title":{"rendered":"Framsida"},"content":{"rendered":"\n<h5>\n\t\t\t Vi utvecklar mjukvarul\u00f6sningar som f\u00f6rb\u00e4ttrar v\u00e5ra kunders produktivitet och l\u00f6nsamhet.\t<\/h5>\n\t\t\t<a href=\"\/kontakt\/\" target=\"_self\">\n\t\t\t\t\t\t\tKontakta oss\n\t\t\t\t\t<\/a>\n\t\t\t\t<img decoding=\"async\" src=\"https:\/\/www.dbmanager.fi\/wp-content\/uploads\/2021\/02\/handshake2.png\" alt=\"handshake2\" itemprop=\"image\" height=\"492\" width=\"505\" title=\"handshake2\" onerror=\"this.style.display='none'\" loading=\"lazy\" \/>\n<h2>\n\t\t\t96% av v\u00e5ra kunder rekommenderar oss\t<\/h2>\n\t<p>Tillsammans med v\u00e5ra kunder utvecklar vi mjukvarul\u00f6sningar som f\u00f6rb\u00e4ttrar produktiviteten och l\u00f6nsamheten. V\u00e5r verksamhet t\u00e4cker alla mjukvarubehov hos ett sm\u00e5 och medelstora f\u00f6retag, fr\u00e5n f\u00f6rsta unders\u00f6kningar till underh\u00e5ll.<\/p>\n<h2>\n\t\t\tL\u00e5ngsiktiga kundrelationer\t<\/h2>\n\t<p>I enlighet med v\u00e5rt f\u00f6retags v\u00e4rderingar \u00e4r grunden f\u00f6r v\u00e5r verksamhet konfidentiell och l\u00e5ngsiktiga kundrelationer. V\u00e5ra l\u00e4ngsta kundrelationer g\u00e5r tillbaka till 1985. V\u00e5rt f\u00f6retags l\u00e5nga historia och djupg\u00e5ende branschkunskap g\u00f6r oss till en partner som tar hand om v\u00e5ra kunder nu och i framtiden.<\/p>\n\t\t\t\t<img decoding=\"async\" src=\"https:\/\/www.dbmanager.fi\/wp-content\/uploads\/2021\/06\/presentation_guy.png\" alt=\"presentation_guy\" itemprop=\"image\" height=\"537\" width=\"460\" title=\"presentation_guy\" onerror=\"this.style.display='none'\" loading=\"lazy\" \/>\n\n","protected":false},"excerpt":{"rendered":"<p>Vi utvecklar mjukvarul\u00f6sningar som f\u00f6rb\u00e4ttrar v\u00e5ra kunders produktivitet och l\u00f6nsamhet. Kontakta oss 96% av v\u00e5ra kunder rekommenderar oss Tillsammans med v\u00e5ra kunder utvecklar vi mjukvarul\u00f6sningar som f\u00f6rb\u00e4ttrar produktiviteten och l\u00f6nsamheten. V\u00e5r verksamhet t\u00e4cker alla mjukvarubehov hos ett sm\u00e5 och medelstora f\u00f6retag, fr\u00e5n f\u00f6rsta unders\u00f6kningar till underh\u00e5ll. L\u00e5ngsiktiga kundrelationer I enlighet med v\u00e5rt f\u00f6retags v\u00e4rderingar \u00e4r&hellip;<\/p>\n","protected":false},"author":1,"featured_media":0,"parent":0,"menu_order":0,"comment_status":"closed","ping_status":"closed","template":"","meta":{"footnotes":""},"class_list":["post-1756","page","type-page","status-publish","hentry"],"aioseo_notices":[],"_links":{"self":[{"href":"https:\/\/www.dbmanager.fi\/sv\/wp-json\/wp\/v2\/pages\/1756","targetHints":{"allow":["GET"]}}],"collection":[{"href":"https:\/\/www.dbmanager.fi\/sv\/wp-json\/wp\/v2\/pages"}],"about":[{"href":"https:\/\/www.dbmanager.fi\/sv\/wp-json\/wp\/v2\/types\/page"}],"author":[{"embeddable":true,"href":"https:\/\/www.dbmanager.fi\/sv\/wp-json\/wp\/v2\/users\/1"}],"replies":[{"embeddable":true,"href":"https:\/\/www.dbmanager.fi\/sv\/wp-json\/wp\/v2\/comments?post=1756"}],"version-history":[{"count":9,"href":"https:\/\/www.dbmanager.fi\/sv\/wp-json\/wp\/v2\/pages\/1756\/revisions"}],"predecessor-version":[{"id":15207,"href":"https:\/\/www.dbmanager.fi\/sv\/wp-json\/wp\/v2\/pages\/1756\/revisions\/15207"}],"wp:attachment":[{"href":"https:\/\/www.dbmanager.fi\/sv\/wp-json\/wp\/v2\/media?parent=1756"}],"curies":[{"name":"wp","href":"https:\/\/api.w.org\/{rel}","templated":true}]}}