{"id":1228,"date":"2014-11-26T11:59:32","date_gmt":"2014-11-26T09:59:32","guid":{"rendered":"http:\/\/dev.dbm.local\/dbmonepager\/?page_id=1228"},"modified":"2021-08-31T15:53:01","modified_gmt":"2021-08-31T12:53:01","slug":"db-manager-oy","status":"publish","type":"page","link":"https:\/\/www.dbmanager.fi\/sv\/db-manager-oy\/","title":{"rendered":"DB-Manager Oy"},"content":{"rendered":"\n\n\t\t\t\t<img loading=\"lazy\" decoding=\"async\" src=\"https:\/\/www.dbmanager.fi\/wp-content\/uploads\/2021\/06\/passion_led_us_here.png\" alt=\"passion_led_us_here\" itemprop=\"image\" height=\"924\" width=\"1920\" title=\"passion_led_us_here\" onerror=\"this.style.display='none'\"  \/>\n<h2>\n\t\tDB-Manager Oy\n\t<\/h2>\n\t<p>DB-Manager Oy \u00e4r ett kundorienterat mjukvaruf\u00f6retag som grundades 1984. Tillsammans med v\u00e5ra kunder utvecklar vi mjukvarul\u00f6sningar som f\u00f6rb\u00e4ttrar produktiviteten och l\u00f6nsamheten. V\u00e5r verksamhet t\u00e4cker alla mjukvarubehov hos ett sm\u00e5 och medelstora f\u00f6retag fr\u00e5n inledande unders\u00f6kningar till underh\u00e5ll.<\/p>\n<p>V\u00e5rt f\u00f6retags l\u00e5nga historia och djupg\u00e5ende branschkunskap g\u00f6r oss till en partner som tar hand om v\u00e5ra kunder nu och i framtiden. V\u00e5ra l\u00e4ngsta kundrelationer \u00e4r fr\u00e5n 1985.<\/p>\n\t\t\t\t<img loading=\"lazy\" decoding=\"async\" src=\"https:\/\/www.dbmanager.fi\/wp-content\/uploads\/2021\/02\/handshake2.png\" alt=\"handshake2\" itemprop=\"image\" height=\"492\" width=\"505\" title=\"handshake2\" onerror=\"this.style.display='none'\"  \/>\n\n","protected":false},"excerpt":{"rendered":"<p>DB-Manager Oy DB-Manager Oy \u00e4r ett kundorienterat mjukvaruf\u00f6retag som grundades 1984. Tillsammans med v\u00e5ra kunder utvecklar vi mjukvarul\u00f6sningar som f\u00f6rb\u00e4ttrar produktiviteten och l\u00f6nsamheten. V\u00e5r verksamhet t\u00e4cker alla mjukvarubehov hos ett sm\u00e5 och medelstora f\u00f6retag fr\u00e5n inledande unders\u00f6kningar till underh\u00e5ll. V\u00e5rt f\u00f6retags l\u00e5nga historia och djupg\u00e5ende branschkunskap g\u00f6r oss till en partner som tar hand om&hellip;<\/p>\n","protected":false},"author":2,"featured_media":0,"parent":0,"menu_order":0,"comment_status":"closed","ping_status":"open","template":"","meta":{"footnotes":""},"class_list":["post-1228","page","type-page","status-publish","hentry"],"aioseo_notices":[],"_links":{"self":[{"href":"https:\/\/www.dbmanager.fi\/sv\/wp-json\/wp\/v2\/pages\/1228","targetHints":{"allow":["GET"]}}],"collection":[{"href":"https:\/\/www.dbmanager.fi\/sv\/wp-json\/wp\/v2\/pages"}],"about":[{"href":"https:\/\/www.dbmanager.fi\/sv\/wp-json\/wp\/v2\/types\/page"}],"author":[{"embeddable":true,"href":"https:\/\/www.dbmanager.fi\/sv\/wp-json\/wp\/v2\/users\/2"}],"replies":[{"embeddable":true,"href":"https:\/\/www.dbmanager.fi\/sv\/wp-json\/wp\/v2\/comments?post=1228"}],"version-history":[{"count":4,"href":"https:\/\/www.dbmanager.fi\/sv\/wp-json\/wp\/v2\/pages\/1228\/revisions"}],"predecessor-version":[{"id":11839,"href":"https:\/\/www.dbmanager.fi\/sv\/wp-json\/wp\/v2\/pages\/1228\/revisions\/11839"}],"wp:attachment":[{"href":"https:\/\/www.dbmanager.fi\/sv\/wp-json\/wp\/v2\/media?parent=1228"}],"curies":[{"name":"wp","href":"https:\/\/api.w.org\/{rel}","templated":true}]}}