{"id":10589,"date":"2021-08-27T10:22:08","date_gmt":"2021-08-27T07:22:08","guid":{"rendered":"https:\/\/www.dbmanager.fi\/?page_id=10589"},"modified":"2025-11-17T11:26:42","modified_gmt":"2025-11-17T09:26:42","slug":"futuraplan-erp","status":"publish","type":"page","link":"https:\/\/www.dbmanager.fi\/sv\/losningar\/futuraplan-erp\/","title":{"rendered":"FuturaPlan ERP"},"content":{"rendered":"\n\n<h2>\n\t\t<a href=\"http:\/\/ratkaisut\/futuraplan-erp\/\" title=\"FuturaPlan ERP\"  target=\"_self\">\n\t\t\tFuturaPlan ERP\t\t<\/a>\n\t<\/h2>\n<h2>\n\t\t\tFlexibelt ERP -system\t<\/h2>\n\t<p>FuturaPlan ERP -system har utvecklats i samarbete med sm\u00e5 och medelstora f\u00f6retag f\u00f6r att betj\u00e4na f\u00f6retag inom industri, handel och tj\u00e4nster.<\/p>\n<p>V\u00e5ra kunder har s\u00e4rskilt ber\u00f6mt systemets enkla anpassningsf\u00f6rm\u00e5ga till specifika f\u00f6retagsspecifika behov.<\/p>\n\t\t\t<a href=\"\/sv\/kontakt\/\" target=\"_blank\" rel=\"noopener\">\n\t\t\t\t\t\t\tBoka en gratis demo\n\t\t\t\t\t<\/a>\n\t\t\t\t<img decoding=\"async\" src=\"https:\/\/www.dbmanager.fi\/wp-content\/uploads\/2021\/06\/futuraplan.png\" alt=\"FuturaPlan ERP\" itemprop=\"image\" height=\"630\" width=\"547\" title=\"futuraplan\" onerror=\"this.style.display='none'\" loading=\"lazy\" \/>\n<h2>\n\t\t\tH\u00e4r \u00e4r ett urval av n\u00e5gra av funktionerna\t<\/h2>\n\t\t\t\t<img decoding=\"async\" src=\"https:\/\/www.dbmanager.fi\/wp-content\/uploads\/2021\/06\/Tarjouslaskenta.png\" alt=\"Tarjouslaskenta\" itemprop=\"image\" height=\"155\" width=\"155\" title=\"Tarjouslaskenta\" onerror=\"this.style.display='none'\" loading=\"lazy\" \/>\n<h2>\n\t\t\tErbjud exakt\t<\/h2>\n\tCitatber\u00e4kning p\u00e5skyndar och f\u00f6renklar<br \/>\n\u00e4ven komplex budgivning<br \/>\navsev\u00e4rt och d\u00e4rmed \u00f6ka effektiviteten i f\u00f6rs\u00e4ljningsarbetet.\n\t\t\t\t<img decoding=\"async\" src=\"https:\/\/www.dbmanager.fi\/wp-content\/uploads\/2021\/06\/hallitse_hinnoittelu.png\" alt=\"hallitse_hinnoittelu\" itemprop=\"image\" height=\"155\" width=\"155\" title=\"hallitse_hinnoittelu\" onerror=\"this.style.display='none'\" loading=\"lazy\" \/>\n<h2>\n\t\t\t Hantera dina priser\t<\/h2>\n\t<p>Bjud fritt eller l\u00e5t systemet g\u00f6ra budgivningen automatiskt till en ber\u00e4knad kostnad och rekommenderat pris.<\/p>\n\t\t\t\t<img decoding=\"async\" src=\"https:\/\/www.dbmanager.fi\/wp-content\/uploads\/2021\/06\/osta_oikein.png\" alt=\"osta_oikein\" itemprop=\"image\" height=\"155\" width=\"155\" title=\"osta_oikein\" onerror=\"this.style.display='none'\" loading=\"lazy\" \/>\n<h2>\n\t\t\tK\u00f6p r\u00e4tt\t<\/h2>\n\t<p>Materialk\u00f6p kan g\u00f6ras p\u00e5 ett lager eller p\u00e5 orderdrivet s\u00e4tt. Mottagande av mottagna varor uppdaterar varulager och kostpris.<\/p>\n\t\t\t\t<img decoding=\"async\" src=\"https:\/\/www.dbmanager.fi\/wp-content\/uploads\/2021\/06\/valmista_tehokkaasti.png\" alt=\"valmista_tehokkaasti\" itemprop=\"image\" height=\"155\" width=\"155\" title=\"valmista_tehokkaasti\" onerror=\"this.style.display='none'\" loading=\"lazy\" \/>\n<h2>\n\t\t\tF\u00f6rbered dig effektivt\t<\/h2>\n\t<p>Optimera produktionen f\u00f6r b\u00e4sta effektivitet med elektroniska arbetsk\u00f6er och ett effektivt sp\u00e5rningssystem. Verktyg f\u00f6r tillverkning och montering av komponenter, utan att gl\u00f6mma sugkontrollen.<\/p>\n\t\t\t\t<img decoding=\"async\" src=\"https:\/\/www.dbmanager.fi\/wp-content\/uploads\/2021\/06\/varastoi_viisaasti.png\" alt=\"varastoi_viisaasti\" itemprop=\"image\" height=\"155\" width=\"155\" title=\"varastoi_viisaasti\" onerror=\"this.style.display='none'\" loading=\"lazy\" \/>\n<h2>\n\t\t\tF\u00f6rvara klokt\t<\/h2>\n\t<p>Lagerhantering betj\u00e4nar f\u00f6rs\u00e4ljning, ink\u00f6p och produktion. Med adekvat granskning s\u00e4kerst\u00e4ller du snabba best\u00e4llningar av varor n\u00e4r orderstocken \u00e4ndras.<\/p>\n\t\t\t\t<img decoding=\"async\" src=\"https:\/\/www.dbmanager.fi\/wp-content\/uploads\/2021\/06\/lahetysten_hallinta.png\" alt=\"lahetysten_hallinta\" itemprop=\"image\" height=\"155\" width=\"155\" title=\"lahetysten_hallinta\" onerror=\"this.style.display='none'\" loading=\"lazy\" \/>\n<h2>\n\t\t\tSkicka i tid\t<\/h2>\n\t\u00d6verf\u00f6ringsfunktioner kan enkelt v\u00e4ljas<br \/>\norder och produkter som ska skickas, eftersom endast slutf\u00f6rda order och produkter kommer att v\u00e4ljas. Os\u00e4nda och delvis olevererade best\u00e4llningar kan enkelt h\u00e4mtas med hj\u00e4lp av olika kriterier.\n\t\t\t\t<a href=\"https:\/\/www.dbmanager.fi\/ratkaisut\/futuraplan-erp\/tuotehallinta\/\"  target=\"_self\" itemprop=\"url\">\n\t\t\t\t<img decoding=\"async\" src=\"https:\/\/www.dbmanager.fi\/wp-content\/uploads\/2021\/06\/yllapida_rakenteet.png\" alt=\"yllapida_rakenteet\" itemprop=\"image\" height=\"155\" width=\"155\" title=\"yllapida_rakenteet\" onerror=\"this.style.display='none'\" loading=\"lazy\" \/>\n\t\t\t\t<\/a>\n<h2>\n\t\t\tBeh\u00e5ll strukturer\t<\/h2>\n\t<p>Vad h\u00e4nder om du kunde hantera 100 delar och produkter f\u00f6r allm\u00e4nna \u00e4ndam\u00e5l ist\u00e4llet f\u00f6r 10 000? Med FuturaPlan kan du skapa flexibla produktstrukturer.<\/p>\n\t\t\t\t<img decoding=\"async\" src=\"https:\/\/www.dbmanager.fi\/wp-content\/uploads\/2021\/08\/ratas-150x150.png\" alt=\"ratas\" itemprop=\"image\" height=\"150\" width=\"150\" title=\"ratas\" onerror=\"this.style.display='none'\" loading=\"lazy\" \/>\n<h2>\n\t\t\tProduktivt i produktion\t<\/h2>\n\t<p>M\u00e5ngsidiga merv\u00e4rdesl\u00f6sningar m\u00f6jligg\u00f6r s\u00f6ml\u00f6st informationsfl\u00f6de mellan olika system.<\/p>\n\t\t\t\t<img decoding=\"async\" src=\"https:\/\/www.dbmanager.fi\/wp-content\/uploads\/2021\/06\/raportointi_tulosteet.png\" alt=\"raportointi_tulosteet\" itemprop=\"image\" height=\"154\" width=\"155\" title=\"raportointi_tulosteet\" onerror=\"this.style.display='none'\" loading=\"lazy\" \/>\n<h2>\n\t\t\tRapporterar om framg\u00e5ng\t<\/h2>\n\t<p>Systemets realtidsrapportering och m\u00e5ngsidiga visualiseringsfunktioner hj\u00e4lper dig att fatta snabba beslut, reagera i tid p\u00e5 f\u00f6r\u00e4ndringar och fokusera p\u00e5 det v\u00e4sentliga.<\/p>\n<h2>\n\t\t\tVi st\u00e5r till din tj\u00e4nst\t<\/h2>\n\t<p>V\u00e5rt f\u00f6retags starka branschkunskap s\u00e4kerst\u00e4ller en l\u00f6sning som passar v\u00e5ra kunders behov och \u00e4r kostnadseffektiv. Vi \u00e4r v\u00e4l bekanta med ett sm\u00e5 och medelstora f\u00f6retags driftsmilj\u00f6 och utmaningarna med att implementera ett aff\u00e4rssystem. Vi k\u00e4nner oss framg\u00e5ngsrika n\u00e4r v\u00e5ra l\u00f6sningar hj\u00e4lper v\u00e5ra kunder att hantera och effektivisera sin verksamhet.<\/p>\n\t\t\t<a href=\"\/ota-yhteytta\/\" target=\"_blank\" rel=\"noopener\">\n\t\t\t\t\t\t\t Ta kontakt\n\t\t\t\t\t<\/a>\n\t\t\t\t<img decoding=\"async\" src=\"https:\/\/www.dbmanager.fi\/wp-content\/uploads\/2021\/06\/2-2.png\" alt=\"2\" itemprop=\"image\" height=\"288\" width=\"288\" title=\"2\" onerror=\"this.style.display='none'\" loading=\"lazy\" \/>\n\n","protected":false},"excerpt":{"rendered":"<p>FuturaPlan ERP Flexibelt ERP -system FuturaPlan ERP -system har utvecklats i samarbete med sm\u00e5 och medelstora f\u00f6retag f\u00f6r att betj\u00e4na f\u00f6retag inom industri, handel och tj\u00e4nster. V\u00e5ra kunder har s\u00e4rskilt ber\u00f6mt systemets enkla anpassningsf\u00f6rm\u00e5ga till specifika f\u00f6retagsspecifika behov. Boka en gratis demo H\u00e4r \u00e4r ett urval av n\u00e5gra av funktionerna Erbjud exakt Citatber\u00e4kning p\u00e5skyndar och&hellip;<\/p>\n","protected":false},"author":25,"featured_media":0,"parent":1774,"menu_order":0,"comment_status":"closed","ping_status":"closed","template":"","meta":{"footnotes":""},"class_list":["post-10589","page","type-page","status-publish","hentry"],"aioseo_notices":[],"_links":{"self":[{"href":"https:\/\/www.dbmanager.fi\/sv\/wp-json\/wp\/v2\/pages\/10589","targetHints":{"allow":["GET"]}}],"collection":[{"href":"https:\/\/www.dbmanager.fi\/sv\/wp-json\/wp\/v2\/pages"}],"about":[{"href":"https:\/\/www.dbmanager.fi\/sv\/wp-json\/wp\/v2\/types\/page"}],"author":[{"embeddable":true,"href":"https:\/\/www.dbmanager.fi\/sv\/wp-json\/wp\/v2\/users\/25"}],"replies":[{"embeddable":true,"href":"https:\/\/www.dbmanager.fi\/sv\/wp-json\/wp\/v2\/comments?post=10589"}],"version-history":[{"count":12,"href":"https:\/\/www.dbmanager.fi\/sv\/wp-json\/wp\/v2\/pages\/10589\/revisions"}],"predecessor-version":[{"id":15197,"href":"https:\/\/www.dbmanager.fi\/sv\/wp-json\/wp\/v2\/pages\/10589\/revisions\/15197"}],"up":[{"embeddable":true,"href":"https:\/\/www.dbmanager.fi\/sv\/wp-json\/wp\/v2\/pages\/1774"}],"wp:attachment":[{"href":"https:\/\/www.dbmanager.fi\/sv\/wp-json\/wp\/v2\/media?parent=10589"}],"curies":[{"name":"wp","href":"https:\/\/api.w.org\/{rel}","templated":true}]}}