{"id":1763,"date":"2014-09-19T04:56:25","date_gmt":"2014-09-19T01:56:25","guid":{"rendered":"http:\/\/dev.dbm.local\/dbmonepager\/ota-yhteytta-2\/"},"modified":"2025-11-18T14:37:49","modified_gmt":"2025-11-18T12:37:49","slug":"contact-us","status":"publish","type":"page","link":"https:\/\/www.dbmanager.fi\/en\/contact-us\/","title":{"rendered":"Contact us"},"content":{"rendered":"\n\n\t<style>input { border-radius: 25px; box-shadow: 0px 0px 15px lightgrey;} <\/style>\n<h4>Please leave a message<\/h4>\n<script type='text\/javascript'>\nvar id = \"7628\";<\/script><!-- start Woody Code Snippets CSS and JS -->\n<script type=\"text\/javascript\">\nsubmitMe = function(){\r\n\tvar posturl = 'https:\/\/www.dbmanager.fi\/receiver.php';\r\n\tjQuery.post(posturl, jQuery('#emform_187004af4d1037a875a349adfa0a6ff876c0def').serialize())\r\n\t.done(function( data ) {\r\n\t\tjQuery('#emform_187004af4d1037a875a349adfa0a6ff876c0def').find(\"input[type=text], input[type=email], input[type=tel], textarea\").val(\"\");\r\n \t \tif (window.location.href.indexOf(\"\/en\/\") > -1) {\r\n\t\t\tjQuery( \"<br \/><p id='sent'>Message sent<\/p>\" ).insertAfter( \"#submitForm\" );\r\n\t\t} else if (window.location.href.indexOf(\"\/sv\/\") > -1) {\r\n\t\t\tjQuery( \"<br \/><p id='sent'>Meddelande skickat<\/p>\" ).insertAfter( \"#submitForm\" );\t\t\t\r\n\t\t} else {\r\n\t\t\tjQuery( \"<br \/><p>Viesti l\u00e4hetetty<\/p>\" ).insertAfter( \"#submitForm\" );\t\r\n\t\t}\r\n  });\r\n}\n<\/script>\n<!-- end Woody Code Snippets CSS and JS -->\n<br \/>\n\n<form id=\"emform_187004af4d1037a875a349adfa0a6ff876c0def\" action=\"\" method=\"POST\"><input name=\"m\" type=\"hidden\" value=\"187004af4d1037a875a349adfa0a6ff876c0def\" \/>\nFirst name\n<input id=\"query_611636_1\" name=\"etunimi\" type=\"text\" value=\"\" \/>\nLast name\n<input id=\"query_611636_2\" name=\"sukunimi\" type=\"text\" value=\"\" \/>\nEmail address\n<input id=\"query_267163_16_3\" name=\"email\" type=\"email\" value=\"\" \/>\nCompany\n<input id=\"query_611636_4\" name=\"yritys\" type=\"text\" value=\"\" \/>\nTelephone number\n<input id=\"query_611636_5\" name=\"puhelin\" type=\"tel\" value=\"\" \/>\nHaluaisin lis\u00e4tietoja seuraavista tuotteista:\n<input id=\"query_611662_2_0_0_1\" name=\"query_611662_2_0_0[]\" type=\"checkbox\" value=\"1\" \/><label for=\"query_611662_2_0_0_1\">SuperOffice CRM<\/label><br \/>\n<input id=\"query_611662_2_0_0_2\" name=\"query_611662_2_0_0[]\" type=\"checkbox\" value=\"2\" \/><label for=\"query_611662_2_0_0_2\">eMarketeer<\/label><br \/>\n<input id=\"query_611662_2_0_0_3\" name=\"query_611662_2_0_0[]\" type=\"checkbox\" value=\"3\" \/><label for=\"query_611662_2_0_0_3\">Fusion keitti\u00f6iden ja kylpyhuoneiden suunnitteluohjelma<\/label><br \/>\n<input id=\"query_611662_2_0_0_4\" name=\"query_611662_2_0_0[]\" type=\"checkbox\" value=\"4\" \/><label for=\"query_611662_2_0_0_4\">Fusion Sales tarjouslaskenta- ja hinnoitteluty\u00f6kalu<\/label><br \/>\n<input id=\"query_611662_2_0_0_5\" name=\"query_611662_2_0_0[]\" type=\"checkbox\" value=\"5\" \/><label for=\"query_611662_2_0_0_5\">FuturaPlan ERP kalustetehtaiden toiminnanohjausj\u00e4rjestelm\u00e4<\/label><br \/>\n<input id=\"query_611662_2_0_0_6\" name=\"query_611662_2_0_0[]\" type=\"checkbox\" value=\"6\" \/><label for=\"query_611662_2_0_0_6\">Winplan ERP ikkuna- ja ovitehtaiden toiminnanohjausj\u00e4rjestelm\u00e4<\/label>\nMessage\n<p><textarea id=\"viesti\" name=\"viesti\"><\/textarea><\/p>\n<p><button id=\"submitForm\" onclick=\"submitMe()\" type=\"button\">Send<\/button><\/p>\n<\/form>\n<p>Hermiankatu 8D\u00a0 \u00a0 \u00a0 \u00a0 \u00a0 \u00a0 \u00a0 \u00a0 33720 Tampere Finland<\/p>\n<p>VAT number: FI05997751<\/p>\n<h2>\n\t\t\tCustomer service\t<\/h2>\nKPS.MAX\nkpsmax @ dbmanager.fi\nFusion 2020\nfusion @ dbmanager.fi\nSuperOffice CRM\nsupport @ superoffice.fi\nWinPlan ERP\nwinplan @ dbmanager.fi\nFuturaPlan ERP\nfuturaplan @ dbmanager.fi\n\t\t\t\t<img decoding=\"async\" src=\"https:\/\/www.dbmanager.fi\/wp-content\/uploads\/2021\/04\/customer_service_guy-1.png\" alt=\"customer_service_guy\" itemprop=\"image\" height=\"798\" width=\"690\" title=\"customer_service_guy\" onerror=\"this.style.display='none'\" loading=\"lazy\" \/>\n<h2>\n\t\t\tRemote support\t<\/h2>\n\t<p>TeamViewer allows us to remotely connect to your machine.<\/p>\n\t\t\t<a href=\"https:\/\/get.teamviewer.com\/c32vkfq\" target=\"_self\">\n\t\t\t\t\t\t\tDownload TeamViewer\n\t\t\t\t\t<\/a>\n\t<p>Our customer service is open Mon-Fri\u00a0 8.30 am &#8211; 15.30 pm Helsinki time zone.<\/p>\n<h2>\n\t\t\tSales and administration\t<\/h2>\n\t\t\t\t<img decoding=\"async\" src=\"https:\/\/www.dbmanager.fi\/wp-content\/uploads\/2021\/07\/rauno-uusitalo.jpg\" alt=\"rauno-uusitalo\" itemprop=\"image\" height=\"200\" width=\"150\" title=\"rauno-uusitalo\" onerror=\"this.style.display='none'\" loading=\"lazy\" \/>\n\tRauno Uusitalo<br \/>\nCEO,<br \/>\nSales<br \/>\n+358 50 556 2033\n\t\t\t<a href=\"https:\/\/fi.linkedin.com\/in\/raunouusitalo\" target=\"_blank\" rel=\"noopener\">\n\t\t\t\t\t\t\t Linked\n\t\t\t<\/a>\n\t\t\t\t<img decoding=\"async\" src=\"https:\/\/www.dbmanager.fi\/wp-content\/uploads\/2021\/07\/Ossi_Kasvokuva-1-1-1.jpg\" alt=\"Ossi_Kasvokuva (1) (1) (1)\" itemprop=\"image\" height=\"200\" width=\"150\" title=\"Ossi_Kasvokuva (1) (1) (1)\" onerror=\"this.style.display='none'\" loading=\"lazy\" \/>\n\tOssi Harmaala<br \/>\nSales<br \/>\n+358 50 553 1711\n\t\t\t\t<img decoding=\"async\" src=\"https:\/\/www.dbmanager.fi\/wp-content\/uploads\/2021\/11\/hahmo.jpg\" alt=\"hahmo\" itemprop=\"image\" height=\"200\" width=\"150\" title=\"hahmo\" onerror=\"this.style.display='none'\" loading=\"lazy\" \/>\n\tRina Vuorenmaa<br \/>\nFinance department<br \/>\n+358 40 937 9383\n\n","protected":false},"excerpt":{"rendered":"<p>Please leave a message First name Last name Email address Company Telephone number Haluaisin lis\u00e4tietoja seuraavista tuotteista: SuperOffice CRM eMarketeer Fusion keitti\u00f6iden ja kylpyhuoneiden suunnitteluohjelma Fusion Sales tarjouslaskenta- ja hinnoitteluty\u00f6kalu FuturaPlan ERP kalustetehtaiden toiminnanohjausj\u00e4rjestelm\u00e4 Winplan ERP ikkuna- ja ovitehtaiden toiminnanohjausj\u00e4rjestelm\u00e4 Message Send Hermiankatu 8D\u00a0 \u00a0 \u00a0 \u00a0 \u00a0 \u00a0 \u00a0 \u00a0 33720 Tampere Finland VAT&hellip;<\/p>\n","protected":false},"author":1,"featured_media":0,"parent":0,"menu_order":0,"comment_status":"closed","ping_status":"open","template":"","meta":{"footnotes":""},"class_list":["post-1763","page","type-page","status-publish","hentry"],"aioseo_notices":[],"_links":{"self":[{"href":"https:\/\/www.dbmanager.fi\/en\/wp-json\/wp\/v2\/pages\/1763","targetHints":{"allow":["GET"]}}],"collection":[{"href":"https:\/\/www.dbmanager.fi\/en\/wp-json\/wp\/v2\/pages"}],"about":[{"href":"https:\/\/www.dbmanager.fi\/en\/wp-json\/wp\/v2\/types\/page"}],"author":[{"embeddable":true,"href":"https:\/\/www.dbmanager.fi\/en\/wp-json\/wp\/v2\/users\/1"}],"replies":[{"embeddable":true,"href":"https:\/\/www.dbmanager.fi\/en\/wp-json\/wp\/v2\/comments?post=1763"}],"version-history":[{"count":42,"href":"https:\/\/www.dbmanager.fi\/en\/wp-json\/wp\/v2\/pages\/1763\/revisions"}],"predecessor-version":[{"id":15201,"href":"https:\/\/www.dbmanager.fi\/en\/wp-json\/wp\/v2\/pages\/1763\/revisions\/15201"}],"wp:attachment":[{"href":"https:\/\/www.dbmanager.fi\/en\/wp-json\/wp\/v2\/media?parent=1763"}],"curies":[{"name":"wp","href":"https:\/\/api.w.org\/{rel}","templated":true}]}}